{"id":6,"date":"2022-06-28T12:14:01","date_gmt":"2022-06-28T12:14:01","guid":{"rendered":"https:\/\/mwp.coworksolidaris.be\/?page_id=6"},"modified":"2022-07-01T12:41:40","modified_gmt":"2022-07-01T12:41:40","slug":"accueil","status":"publish","type":"page","link":"https:\/\/mwp.coworksolidaris.be\/","title":{"rendered":"Accueil"},"content":{"rendered":"<p>[et_pb_section fb_built=\u00a0\u00bb1&Prime; _builder_version=\u00a0\u00bb4.17.4&Prime; _module_preset=\u00a0\u00bbdefault\u00a0\u00bb custom_padding=\u00a0\u00bb75px|||||\u00a0\u00bb global_colors_info=\u00a0\u00bb{}\u00a0\u00bb][et_pb_row _builder_version=\u00a0\u00bb4.17.4&Prime; _module_preset=\u00a0\u00bbdefault\u00a0\u00bb global_colors_info=\u00a0\u00bb{}\u00a0\u00bb][et_pb_column type=\u00a0\u00bb4_4&Prime; _builder_version=\u00a0\u00bb4.17.4&Prime; _module_preset=\u00a0\u00bbdefault\u00a0\u00bb background_color=\u00a0\u00bb#E02B20&Prime; custom_padding=\u00a0\u00bb0px|20px|0px|20px|true|true\u00a0\u00bb border_radii=\u00a0\u00bbon|40px|40px|40px|40px\u00a0\u00bb global_colors_info=\u00a0\u00bb{}\u00a0\u00bb][et_pb_text _builder_version=\u00a0\u00bb4.17.4&Prime; _module_preset=\u00a0\u00bbdefault\u00a0\u00bb header_text_align=\u00a0\u00bbcenter\u00a0\u00bb header_text_color=\u00a0\u00bb#FFFFFF\u00a0\u00bb global_colors_info=\u00a0\u00bb{}\u00a0\u00bb]<\/p>\n<h1>Coworking \u2022 Nomade<\/h1>\n<p>[\/et_pb_text][\/et_pb_column][\/et_pb_row][et_pb_row _builder_version=\u00a0\u00bb4.17.4&Prime; _module_preset=\u00a0\u00bbdefault\u00a0\u00bb custom_padding=\u00a0\u00bb0px||0px|||\u00a0\u00bb global_colors_info=\u00a0\u00bb{}\u00a0\u00bb][et_pb_column type=\u00a0\u00bb4_4&Prime; _builder_version=\u00a0\u00bb4.17.4&Prime; _module_preset=\u00a0\u00bbdefault\u00a0\u00bb global_colors_info=\u00a0\u00bb{}\u00a0\u00bb][et_pb_text content_tablet=\u00a0\u00bb<\/p>\n<p>Le coll\u00e8gue, apr\u00e8s concertation avec son responsable, a la possibilit\u00e9 de r\u00e9server une place de travail<br \/>sur les sites d\u2019<strong>Ath, Frameries, Tournai et Mouscron<\/strong> un jour\/semaine.<span style=%22color: #ff0000;%22><strong><\/strong><\/span><\/p>\n<p>\u00a0\u00bb content_phone=\u00a0\u00bb<\/p>\n<p>Le coll\u00e8gue, apr\u00e8s concertation avec son responsable, a la possibilit\u00e9 de r\u00e9server une place de travail sur les sites d\u2019<strong>Ath, Frameries, Tournai et Mouscron<\/strong> un jour\/semaine.<span style=%22color: #ff0000;%22><strong><\/strong><\/span><\/p>\n<p>\u00a0\u00bb content_last_edited=\u00a0\u00bbon|phone\u00a0\u00bb _builder_version=\u00a0\u00bb4.17.4&Prime; _module_preset=\u00a0\u00bbdefault\u00a0\u00bb text_orientation=\u00a0\u00bbcenter\u00a0\u00bb global_colors_info=\u00a0\u00bb{}\u00a0\u00bb]<\/p>\n<p>Le coll\u00e8gue, apr\u00e8s concertation avec son responsable, a la possibilit\u00e9 de r\u00e9server une place de travail<br \/>sur les sites d\u2019<strong>Ath, Frameries, Tournai et Mouscron<\/strong> un jour\/semaine.<span style=\"color: #ff0000;\"><strong><\/strong><\/span><\/p>\n<p>[\/et_pb_text][\/et_pb_column][\/et_pb_row][et_pb_row column_structure=\u00a0\u00bb3_5,2_5&Prime; _builder_version=\u00a0\u00bb4.17.4&Prime; _module_preset=\u00a0\u00bbdefault\u00a0\u00bb custom_margin=\u00a0\u00bb75px|auto||auto||\u00a0\u00bb custom_padding=\u00a0\u00bb0px||0px|||\u00a0\u00bb global_colors_info=\u00a0\u00bb{}\u00a0\u00bb][et_pb_column type=\u00a0\u00bb3_5&Prime; _builder_version=\u00a0\u00bb4.17.4&Prime; _module_preset=\u00a0\u00bbdefault\u00a0\u00bb global_colors_info=\u00a0\u00bb{}\u00a0\u00bb][et_pb_text _builder_version=\u00a0\u00bb4.17.4&Prime; _module_preset=\u00a0\u00bbdefault\u00a0\u00bb custom_margin=\u00a0\u00bb||15px||false|false\u00a0\u00bb border_width_bottom=\u00a0\u00bb1px\u00a0\u00bb border_color_bottom=\u00a0\u00bb#E02B20&Prime; global_colors_info=\u00a0\u00bb{}\u00a0\u00bb]<\/p>\n<h2><strong>Comment pratiquer\u00a0?<\/strong><\/h2>\n<p>[\/et_pb_text][et_pb_text _builder_version=\u00a0\u00bb4.17.4&Prime; _module_preset=\u00a0\u00bbdefault\u00a0\u00bb global_colors_info=\u00a0\u00bb{}\u00a0\u00bb]<\/p>\n<p>La r\u00e9servation est possible, via le r\u00e9seau Solidaris, au plus t\u00f4t pour le lendemain (aucune r\u00e9servation possible le jour m\u00eame) via <strong>l\u2019applicatif \u00e0 l&rsquo;adresse <span style=\"color: #ff0000;\"><a href=\"http:\/\/s315rspp1\/nomades\/\">http:\/\/s315rspp1\/nomades\/<\/a> <\/span><\/strong>ou via l&rsquo;intranet sous la rubrique <strong><span style=\"color: #ff0000;\">\u00ab\u00a0Nomade\/Demande de coworking\u00a0\u00bb<\/span><\/strong><\/p>\n<h3><em>L\u2019utilisateur doit :<\/em><\/h3>\n<p>&#8211; s\u00e9lectionner le lieu en cliquant sur les bulles : Ath, Frameries, Mouscron ou Tournai<br \/>&#8211; choisir <strong>une date<\/strong> dans le cr\u00e9neau disponible (J+1 -&gt; J+8) et <strong>un site<\/strong> de nomadisme<\/p>\n<h3><em>Confirmation de la r\u00e9servation :<br \/><\/em><\/h3>\n<p><em>&#8211; <\/em>un mail r\u00e9capitulatif (lieu, place exacte, date) est envoy\u00e9 \u00e0 l\u2019utilisateur<br \/>&#8211; le jour de la r\u00e9servation, un mail est envoy\u00e9 au coll\u00e8gue afin de confirmer sa pr\u00e9sence. L\u2019utilisateur a la possibilit\u00e9 de g\u00e9rer et consulter ses nomadismes via le bouton \u00ab Voir mes nomadimes \u00bb pr\u00e9sent dans l\u2019en-t\u00eate.<\/p>\n<p>[\/et_pb_text][\/et_pb_column][et_pb_column type=\u00a0\u00bb2_5&Prime; _builder_version=\u00a0\u00bb4.17.4&Prime; _module_preset=\u00a0\u00bbdefault\u00a0\u00bb global_colors_info=\u00a0\u00bb{}\u00a0\u00bb][et_pb_image src=\u00a0\u00bbhttps:\/\/mwp.coworksolidaris.be\/wp-content\/uploads\/2022\/06\/Intro-002.jpg\u00a0\u00bb title_text=\u00a0\u00bbIntro 002&Prime; show_in_lightbox=\u00a0\u00bbon\u00a0\u00bb _builder_version=\u00a0\u00bb4.17.4&Prime; _module_preset=\u00a0\u00bbdefault\u00a0\u00bb custom_margin=\u00a0\u00bb54px||10px||false|false\u00a0\u00bb custom_margin_tablet=\u00a0\u00bb54px||10px||false|false\u00a0\u00bb custom_margin_phone=\u00a0\u00bb0px||||false|false\u00a0\u00bb custom_margin_last_edited=\u00a0\u00bbon|phone\u00a0\u00bb global_colors_info=\u00a0\u00bb{}\u00a0\u00bb][\/et_pb_image][\/et_pb_column][\/et_pb_row][et_pb_row disabled_on=\u00a0\u00bbon|off|off\u00a0\u00bb _builder_version=\u00a0\u00bb4.17.4&Prime; _module_preset=\u00a0\u00bbdefault\u00a0\u00bb custom_margin=\u00a0\u00bb75px|auto||auto||\u00a0\u00bb custom_padding=\u00a0\u00bb0px||0px|||\u00a0\u00bb global_colors_info=\u00a0\u00bb{}\u00a0\u00bb][et_pb_column type=\u00a0\u00bb4_4&Prime; _builder_version=\u00a0\u00bb4.17.4&Prime; _module_preset=\u00a0\u00bbdefault\u00a0\u00bb global_colors_info=\u00a0\u00bb{}\u00a0\u00bb][et_pb_text _builder_version=\u00a0\u00bb4.17.4&Prime; _module_preset=\u00a0\u00bbdefault\u00a0\u00bb custom_margin=\u00a0\u00bb||15px||false|false\u00a0\u00bb border_width_bottom=\u00a0\u00bb1px\u00a0\u00bb border_color_bottom=\u00a0\u00bb#E02B20&Prime; global_colors_info=\u00a0\u00bb{}\u00a0\u00bb]<\/p>\n<h2><strong>Interface des zones &amp; places<\/strong><\/h2>\n<p>[\/et_pb_text][et_pb_text disabled_on=\u00a0\u00bboff|off|off\u00a0\u00bb _builder_version=\u00a0\u00bb4.17.4&Prime; _module_preset=\u00a0\u00bbdefault\u00a0\u00bb global_colors_info=\u00a0\u00bb{}\u00a0\u00bb]<\/p>\n<ul>\n<li>L\u2019utilisateur a la possibilit\u00e9 de consulter les zones disponibles qui se rapportent au site &amp; date choisis initialement (<em>voir fig. 001<\/em>).<br \/>Les disponibilit\u00e9s des zones s\u2019affichent sous celles-ci.<\/li>\n<li>Si la zone est compl\u00e8tement occup\u00e9e, l\u2019utilisateur n\u2019a pas l\u2019opportunit\u00e9 de visualiser les places qui s\u2019y rapportent (zone non cliquable).<\/li>\n<li>Si la zone comporte encore des places disponibles, celles-ci s\u2019affichent au clic sur la zone choisie (<em>voir fig. 002<\/em>).<\/li>\n<li>Lorsque l\u2019utilisateur s\u00e9lectionne une place disponible, un visuel apparait \u00e0 droite de l\u2019\u00e9cran (<em>voir fig. 003<\/em>).<br \/>L\u2019utilisateur peut ainsi v\u00e9rifier le mat\u00e9riel Dock station disponible, ad\u00e9quat.<\/li>\n<li>Au clic sur le bouton \u00ab R\u00e9server \u00bb, une invite de commandes apparait invitant l\u2019utilisateur \u00e0 confirmer sa demande (<em>voir fig. 004<\/em>).<br \/>&#8211; Si confirmation, la place est r\u00e9serv\u00e9e et l\u2019utilisateur est notifi\u00e9 par mail et redirig\u00e9 vers l\u2019accueil<br \/>&#8211; Si annulation, l\u2019invite de commandes se ferme et l\u2019utilisateur peut continuer \u00e0 naviguer<\/li>\n<\/ul>\n<p>[\/et_pb_text][\/et_pb_column][\/et_pb_row][et_pb_row column_structure=\u00a0\u00bb1_4,1_4,1_4,1_4&Prime; disabled_on=\u00a0\u00bbon|off|off\u00a0\u00bb _builder_version=\u00a0\u00bb4.17.4&Prime; _module_preset=\u00a0\u00bbdefault\u00a0\u00bb custom_margin=\u00a0\u00bb35px|auto||auto||\u00a0\u00bb custom_padding=\u00a0\u00bb0px||0px|||\u00a0\u00bb global_colors_info=\u00a0\u00bb{}\u00a0\u00bb][et_pb_column type=\u00a0\u00bb1_4&Prime; _builder_version=\u00a0\u00bb4.17.4&Prime; _module_preset=\u00a0\u00bbdefault\u00a0\u00bb global_colors_info=\u00a0\u00bb{}\u00a0\u00bb][et_pb_image src=\u00a0\u00bbhttps:\/\/mwp.coworksolidaris.be\/wp-content\/uploads\/2022\/06\/Fig-001.jpg\u00a0\u00bb title_text=\u00a0\u00bbFig 001&Prime; show_in_lightbox=\u00a0\u00bbon\u00a0\u00bb _builder_version=\u00a0\u00bb4.17.4&Prime; _module_preset=\u00a0\u00bbdefault\u00a0\u00bb custom_margin=\u00a0\u00bb||10px||false|false\u00a0\u00bb global_colors_info=\u00a0\u00bb{}\u00a0\u00bb][\/et_pb_image][et_pb_text _builder_version=\u00a0\u00bb4.17.4&Prime; _module_preset=\u00a0\u00bbdefault\u00a0\u00bb text_font=\u00a0\u00bb||on||||||\u00a0\u00bb text_orientation=\u00a0\u00bbcenter\u00a0\u00bb global_colors_info=\u00a0\u00bb{}\u00a0\u00bb]<\/p>\n<p>Fig. 001<\/p>\n<p>[\/et_pb_text][\/et_pb_column][et_pb_column type=\u00a0\u00bb1_4&Prime; _builder_version=\u00a0\u00bb4.17.4&Prime; _module_preset=\u00a0\u00bbdefault\u00a0\u00bb global_colors_info=\u00a0\u00bb{}\u00a0\u00bb][et_pb_image src=\u00a0\u00bbhttps:\/\/mwp.coworksolidaris.be\/wp-content\/uploads\/2022\/06\/Fig-002.jpg\u00a0\u00bb title_text=\u00a0\u00bbFig 002&Prime; show_in_lightbox=\u00a0\u00bbon\u00a0\u00bb _builder_version=\u00a0\u00bb4.17.4&Prime; _module_preset=\u00a0\u00bbdefault\u00a0\u00bb custom_margin=\u00a0\u00bb||10px||false|false\u00a0\u00bb global_colors_info=\u00a0\u00bb{}\u00a0\u00bb][\/et_pb_image][et_pb_text _builder_version=\u00a0\u00bb4.17.4&Prime; _module_preset=\u00a0\u00bbdefault\u00a0\u00bb text_font=\u00a0\u00bb||on||||||\u00a0\u00bb text_orientation=\u00a0\u00bbcenter\u00a0\u00bb global_colors_info=\u00a0\u00bb{}\u00a0\u00bb]<\/p>\n<p>Fig. 002<\/p>\n<p>[\/et_pb_text][\/et_pb_column][et_pb_column type=\u00a0\u00bb1_4&Prime; _builder_version=\u00a0\u00bb4.17.4&Prime; _module_preset=\u00a0\u00bbdefault\u00a0\u00bb global_colors_info=\u00a0\u00bb{}\u00a0\u00bb][et_pb_image src=\u00a0\u00bbhttps:\/\/mwp.coworksolidaris.be\/wp-content\/uploads\/2022\/06\/Intro-003.jpg\u00a0\u00bb title_text=\u00a0\u00bbIntro 003&Prime; show_in_lightbox=\u00a0\u00bbon\u00a0\u00bb _builder_version=\u00a0\u00bb4.17.4&Prime; _module_preset=\u00a0\u00bbdefault\u00a0\u00bb custom_margin=\u00a0\u00bb||10px||false|false\u00a0\u00bb global_colors_info=\u00a0\u00bb{}\u00a0\u00bb][\/et_pb_image][et_pb_text _builder_version=\u00a0\u00bb4.17.4&Prime; _module_preset=\u00a0\u00bbdefault\u00a0\u00bb text_font=\u00a0\u00bb||on||||||\u00a0\u00bb text_orientation=\u00a0\u00bbcenter\u00a0\u00bb global_colors_info=\u00a0\u00bb{}\u00a0\u00bb]<\/p>\n<p>Fig. 003<\/p>\n<p>[\/et_pb_text][\/et_pb_column][et_pb_column type=\u00a0\u00bb1_4&Prime; _builder_version=\u00a0\u00bb4.17.4&Prime; _module_preset=\u00a0\u00bbdefault\u00a0\u00bb global_colors_info=\u00a0\u00bb{}\u00a0\u00bb][et_pb_image src=\u00a0\u00bbhttps:\/\/mwp.coworksolidaris.be\/wp-content\/uploads\/2022\/06\/Intro-004.jpg\u00a0\u00bb title_text=\u00a0\u00bbIntro 004&Prime; show_in_lightbox=\u00a0\u00bbon\u00a0\u00bb _builder_version=\u00a0\u00bb4.17.4&Prime; _module_preset=\u00a0\u00bbdefault\u00a0\u00bb custom_margin=\u00a0\u00bb||10px||false|false\u00a0\u00bb global_colors_info=\u00a0\u00bb{}\u00a0\u00bb][\/et_pb_image][et_pb_text _builder_version=\u00a0\u00bb4.17.4&Prime; _module_preset=\u00a0\u00bbdefault\u00a0\u00bb text_font=\u00a0\u00bb||on||||||\u00a0\u00bb text_orientation=\u00a0\u00bbcenter\u00a0\u00bb global_colors_info=\u00a0\u00bb{}\u00a0\u00bb]<\/p>\n<p>Fig. 004<\/p>\n<p>[\/et_pb_text][\/et_pb_column][\/et_pb_row][et_pb_row _builder_version=\u00a0\u00bb4.17.4&Prime; _module_preset=\u00a0\u00bbdefault\u00a0\u00bb custom_margin=\u00a0\u00bb75px|auto||auto||\u00a0\u00bb custom_padding=\u00a0\u00bb0px||0px|||\u00a0\u00bb hover_enabled=\u00a0\u00bb0&Prime; global_colors_info=\u00a0\u00bb{}\u00a0\u00bb disabled_on=\u00a0\u00bboff|on|on\u00a0\u00bb sticky_enabled=\u00a0\u00bb0&Prime;][et_pb_column type=\u00a0\u00bb4_4&Prime; _builder_version=\u00a0\u00bb4.17.4&Prime; _module_preset=\u00a0\u00bbdefault\u00a0\u00bb global_colors_info=\u00a0\u00bb{}\u00a0\u00bb][et_pb_text _builder_version=\u00a0\u00bb4.17.4&Prime; _module_preset=\u00a0\u00bbdefault\u00a0\u00bb custom_margin=\u00a0\u00bb||15px||false|false\u00a0\u00bb border_width_bottom=\u00a0\u00bb1px\u00a0\u00bb border_color_bottom=\u00a0\u00bb#E02B20&Prime; global_colors_info=\u00a0\u00bb{}\u00a0\u00bb]<\/p>\n<h2><strong>Interface des zones &amp; places<\/strong><\/h2>\n<p>[\/et_pb_text][et_pb_text disabled_on=\u00a0\u00bboff|off|off\u00a0\u00bb _builder_version=\u00a0\u00bb4.17.4&Prime; _module_preset=\u00a0\u00bbdefault\u00a0\u00bb custom_margin=\u00a0\u00bb||-1px|||\u00a0\u00bb global_colors_info=\u00a0\u00bb{}\u00a0\u00bb]<\/p>\n<ul>\n<li>L\u2019utilisateur a la possibilit\u00e9 de consulter les zones disponibles qui se rapportent au site &amp; date choisis initialement.<br \/>Les disponibilit\u00e9s des zones s\u2019affichent sous celles-ci.<\/li>\n<\/ul>\n<p>[\/et_pb_text][et_pb_image src=\u00a0\u00bbhttps:\/\/mwp.coworksolidaris.be\/wp-content\/uploads\/2022\/06\/Fig-001.jpg\u00a0\u00bb title_text=\u00a0\u00bbFig 001&Prime; show_in_lightbox=\u00a0\u00bbon\u00a0\u00bb _builder_version=\u00a0\u00bb4.17.4&Prime; _module_preset=\u00a0\u00bbdefault\u00a0\u00bb custom_margin=\u00a0\u00bb||35px||false|false\u00a0\u00bb global_colors_info=\u00a0\u00bb{}\u00a0\u00bb][\/et_pb_image][et_pb_text disabled_on=\u00a0\u00bboff|off|off\u00a0\u00bb _builder_version=\u00a0\u00bb4.17.4&Prime; _module_preset=\u00a0\u00bbdefault\u00a0\u00bb custom_margin=\u00a0\u00bb||-1px|||\u00a0\u00bb global_colors_info=\u00a0\u00bb{}\u00a0\u00bb]<\/p>\n<ul>\n<li>Si la zone comporte encore des places disponibles, celles-ci s\u2019affichent au clic sur la zone choisie.<\/li>\n<\/ul>\n<p>[\/et_pb_text][et_pb_image src=\u00a0\u00bbhttps:\/\/mwp.coworksolidaris.be\/wp-content\/uploads\/2022\/06\/Fig-002.jpg\u00a0\u00bb title_text=\u00a0\u00bbFig 002&Prime; show_in_lightbox=\u00a0\u00bbon\u00a0\u00bb _builder_version=\u00a0\u00bb4.17.4&Prime; _module_preset=\u00a0\u00bbdefault\u00a0\u00bb custom_margin=\u00a0\u00bb||35px||false|false\u00a0\u00bb global_colors_info=\u00a0\u00bb{}\u00a0\u00bb][\/et_pb_image][et_pb_text disabled_on=\u00a0\u00bboff|off|off\u00a0\u00bb _builder_version=\u00a0\u00bb4.17.4&Prime; _module_preset=\u00a0\u00bbdefault\u00a0\u00bb custom_margin=\u00a0\u00bb||-1px|||\u00a0\u00bb global_colors_info=\u00a0\u00bb{}\u00a0\u00bb]<\/p>\n<ul>\n<li>Lorsque l\u2019utilisateur s\u00e9lectionne une place disponible, un visuel apparait \u00e0 droite de l\u2019\u00e9cran.<br \/>L\u2019utilisateur peut ainsi v\u00e9rifier le mat\u00e9riel Dock station disponible, ad\u00e9quat.<\/li>\n<\/ul>\n<p>[\/et_pb_text][et_pb_image src=\u00a0\u00bbhttps:\/\/mwp.coworksolidaris.be\/wp-content\/uploads\/2022\/06\/Intro-003.jpg\u00a0\u00bb title_text=\u00a0\u00bbIntro 003&Prime; show_in_lightbox=\u00a0\u00bbon\u00a0\u00bb _builder_version=\u00a0\u00bb4.17.4&Prime; _module_preset=\u00a0\u00bbdefault\u00a0\u00bb custom_margin=\u00a0\u00bb||35px||false|false\u00a0\u00bb global_colors_info=\u00a0\u00bb{}\u00a0\u00bb][\/et_pb_image][et_pb_text disabled_on=\u00a0\u00bboff|off|off\u00a0\u00bb _builder_version=\u00a0\u00bb4.17.4&Prime; _module_preset=\u00a0\u00bbdefault\u00a0\u00bb custom_margin=\u00a0\u00bb||-3px|||\u00a0\u00bb global_colors_info=\u00a0\u00bb{}\u00a0\u00bb]<\/p>\n<ul>\n<li>Au clic sur le bouton \u00ab R\u00e9server \u00bb, une invite de commandes apparait invitant l\u2019utilisateur \u00e0 confirmer sa demande.<br \/>&#8211; Si confirmation, la place est r\u00e9serv\u00e9e et l\u2019utilisateur est notifi\u00e9 par mail et redirig\u00e9 vers l\u2019accueil<br \/>&#8211; Si annulation, l\u2019invite de commandes se ferme et l\u2019utilisateur peut continuer \u00e0 naviguer<\/li>\n<\/ul>\n<p>[\/et_pb_text][et_pb_image src=\u00a0\u00bbhttps:\/\/mwp.coworksolidaris.be\/wp-content\/uploads\/2022\/06\/Intro-004.jpg\u00a0\u00bb title_text=\u00a0\u00bbIntro 004&Prime; show_in_lightbox=\u00a0\u00bbon\u00a0\u00bb _builder_version=\u00a0\u00bb4.17.4&Prime; _module_preset=\u00a0\u00bbdefault\u00a0\u00bb custom_margin=\u00a0\u00bb-1px||10px||false|false\u00a0\u00bb global_colors_info=\u00a0\u00bb{}\u00a0\u00bb][\/et_pb_image][\/et_pb_column][\/et_pb_row][et_pb_row column_structure=\u00a0\u00bb3_5,2_5&Prime; _builder_version=\u00a0\u00bb4.17.4&Prime; _module_preset=\u00a0\u00bbdefault\u00a0\u00bb custom_margin=\u00a0\u00bb75px|auto||auto||\u00a0\u00bb custom_padding=\u00a0\u00bb0px||0px|||\u00a0\u00bb global_colors_info=\u00a0\u00bb{}\u00a0\u00bb][et_pb_column type=\u00a0\u00bb3_5&Prime; _builder_version=\u00a0\u00bb4.17.4&Prime; _module_preset=\u00a0\u00bbdefault\u00a0\u00bb global_colors_info=\u00a0\u00bb{}\u00a0\u00bb][et_pb_text _builder_version=\u00a0\u00bb4.17.4&Prime; _module_preset=\u00a0\u00bbdefault\u00a0\u00bb custom_margin=\u00a0\u00bb||15px||false|false\u00a0\u00bb border_width_bottom=\u00a0\u00bb1px\u00a0\u00bb border_color_bottom=\u00a0\u00bb#E02B20&Prime; global_colors_info=\u00a0\u00bb{}\u00a0\u00bb]<\/p>\n<h2><strong>Interface de visualisation et de gestion<\/strong><\/h2>\n<p>[\/et_pb_text][et_pb_text _builder_version=\u00a0\u00bb4.17.4&Prime; _module_preset=\u00a0\u00bbdefault\u00a0\u00bb custom_margin_phone=\u00a0\u00bb||||false|false\u00a0\u00bb custom_margin_last_edited=\u00a0\u00bboff|phone\u00a0\u00bb global_colors_info=\u00a0\u00bb{}\u00a0\u00bb]<\/p>\n<ul>\n<li>L\u2019utilisateur peut visualiser ses nomadismes, les trier, les g\u00e9rer, les confirmer le jour-m\u00eame<\/li>\n<li>L\u2019utilisateur peut \u00e0 tout moment annuler un r\u00e9servation via le premier bouton, derni\u00e8re colonne (\u00ab X \u00bb)<\/li>\n<li>Si annulation, une invite de commandes s\u2019ouvre invitant l\u2019utilisateur \u00e0 confirmer l\u2019annulation de la r\u00e9servation.<br \/>&#8211; Si confirmation, la r\u00e9servation est annul\u00e9e et l\u2019utilisateur est notifi\u00e9.<br \/>&#8211; Si refus, l\u2019invite de commandes se ferme.<\/li>\n<li>Le deuxi\u00e8me bouton n\u2019est disponible que le jour-m\u00eame de la r\u00e9servation et permet de valider la pr\u00e9sence sur site qui se rapporte \u00e0 la r\u00e9servation<br \/>Un mail automatique est envoy\u00e9 \u00e0 l\u2019utilisateur le jour-m\u00eame de sa r\u00e9servation et le redirige vers l\u2019interface le permettant ainsi de visualiser sa r\u00e9servation et de la confirmer<\/li>\n<\/ul>\n<p>[\/et_pb_text][\/et_pb_column][et_pb_column type=\u00a0\u00bb2_5&Prime; _builder_version=\u00a0\u00bb4.17.4&Prime; _module_preset=\u00a0\u00bbdefault\u00a0\u00bb global_colors_info=\u00a0\u00bb{}\u00a0\u00bb][et_pb_image src=\u00a0\u00bbhttps:\/\/mwp.coworksolidaris.be\/wp-content\/uploads\/2022\/06\/Nomadisme.jpg\u00a0\u00bb title_text=\u00a0\u00bbNomadisme\u00a0\u00bb show_in_lightbox=\u00a0\u00bbon\u00a0\u00bb _builder_version=\u00a0\u00bb4.17.4&Prime; _module_preset=\u00a0\u00bbdefault\u00a0\u00bb custom_margin=\u00a0\u00bb11px||10px||false|false\u00a0\u00bb custom_margin_tablet=\u00a0\u00bb11px||10px||false|false\u00a0\u00bb custom_margin_phone=\u00a0\u00bb0px||10px||false|false\u00a0\u00bb custom_margin_last_edited=\u00a0\u00bbon|phone\u00a0\u00bb global_colors_info=\u00a0\u00bb{}\u00a0\u00bb][\/et_pb_image][\/et_pb_column][\/et_pb_row][\/et_pb_section]<\/p>\n","protected":false},"excerpt":{"rendered":"<p>Coworking \u2022 NomadeLe coll\u00e8gue, apr\u00e8s concertation avec son responsable, a la possibilit\u00e9 de r\u00e9server une place de travailsur les sites d\u2019Ath, Frameries, Tournai et Mouscron un jour\/semaine.Comment pratiquer\u00a0?La r\u00e9servation est possible, via le r\u00e9seau Solidaris, au plus t\u00f4t pour le lendemain (aucune r\u00e9servation possible le jour m\u00eame) via l\u2019applicatif \u00e0 l&rsquo;adresse http:\/\/s315rspp1\/nomades\/ ou via l&rsquo;intranet [&hellip;]<\/p>\n","protected":false},"author":2,"featured_media":0,"parent":0,"menu_order":0,"comment_status":"closed","ping_status":"closed","template":"","meta":{"_et_pb_use_builder":"on","_et_pb_old_content":"","_et_gb_content_width":"","footnotes":""},"class_list":["post-6","page","type-page","status-publish","hentry"],"_links":{"self":[{"href":"https:\/\/mwp.coworksolidaris.be\/index.php\/wp-json\/wp\/v2\/pages\/6","targetHints":{"allow":["GET"]}}],"collection":[{"href":"https:\/\/mwp.coworksolidaris.be\/index.php\/wp-json\/wp\/v2\/pages"}],"about":[{"href":"https:\/\/mwp.coworksolidaris.be\/index.php\/wp-json\/wp\/v2\/types\/page"}],"author":[{"embeddable":true,"href":"https:\/\/mwp.coworksolidaris.be\/index.php\/wp-json\/wp\/v2\/users\/2"}],"replies":[{"embeddable":true,"href":"https:\/\/mwp.coworksolidaris.be\/index.php\/wp-json\/wp\/v2\/comments?post=6"}],"version-history":[{"count":19,"href":"https:\/\/mwp.coworksolidaris.be\/index.php\/wp-json\/wp\/v2\/pages\/6\/revisions"}],"predecessor-version":[{"id":42,"href":"https:\/\/mwp.coworksolidaris.be\/index.php\/wp-json\/wp\/v2\/pages\/6\/revisions\/42"}],"wp:attachment":[{"href":"https:\/\/mwp.coworksolidaris.be\/index.php\/wp-json\/wp\/v2\/media?parent=6"}],"curies":[{"name":"wp","href":"https:\/\/api.w.org\/{rel}","templated":true}]}}